{"id":1405,"date":"2018-04-27T21:32:19","date_gmt":"2018-04-27T19:32:19","guid":{"rendered":"http:\/\/www.villa-de-lolivier.com\/?page_id=1405"},"modified":"2021-06-04T17:36:23","modified_gmt":"2021-06-04T15:36:23","slug":"contact-and-access","status":"publish","type":"page","link":"https:\/\/www.villa-de-lolivier.com\/en\/contact-and-access\/","title":{"rendered":"Contact and Access"},"content":{"rendered":"<p>[vc_row][vc_column][vc_column_text]<\/p>\n<div class=\"container\" style=\"text-align: center;\">\n<h1 class=\"page-title\" style=\"text-align: center;\">BOOK YOUR HOLIDAYS<\/h1>\n<p>in bed and breakfast at Villa de l&#8217;Olivier<\/p>\n<\/div>\n<p>[\/vc_column_text][\/vc_column][\/vc_row][vc_row padding_top=&#8221;20&#8243;][vc_column width=&#8221;1\/2&#8243;]<div role=\"form\" class=\"wpcf7\" id=\"wpcf7-f1411-o1\" lang=\"en-US\" dir=\"ltr\">\n<div class=\"screen-reader-response\"><p role=\"status\" aria-live=\"polite\" aria-atomic=\"true\"><\/p> <ul><\/ul><\/div>\n<form action=\"\/en\/wp-json\/wp\/v2\/pages\/1405#wpcf7-f1411-o1\" method=\"post\" class=\"wpcf7-form init\" novalidate=\"novalidate\" data-status=\"init\">\n<div style=\"display: none;\">\n<input type=\"hidden\" name=\"_wpcf7\" value=\"1411\" \/>\n<input type=\"hidden\" name=\"_wpcf7_version\" value=\"5.5.3\" \/>\n<input type=\"hidden\" name=\"_wpcf7_locale\" value=\"en_US\" \/>\n<input type=\"hidden\" name=\"_wpcf7_unit_tag\" value=\"wpcf7-f1411-o1\" \/>\n<input type=\"hidden\" name=\"_wpcf7_container_post\" value=\"0\" \/>\n<input type=\"hidden\" name=\"_wpcf7_posted_data_hash\" value=\"\" \/>\n<input type=\"hidden\" name=\"_wpcf7_recaptcha_response\" value=\"\" \/>\n<\/div>\n<div class=\"form_1_2\">\n<span class=\"wpcf7-form-control-wrap votre-nom\"><input type=\"text\" name=\"votre-nom\" value=\"\" size=\"40\" class=\"wpcf7-form-control wpcf7-text wpcf7-validates-as-required\" aria-required=\"true\" aria-invalid=\"false\" placeholder=\"Your name\" \/><\/span>\n<\/div>\n<div class=\"form_1_2 last\">\n<span class=\"wpcf7-form-control-wrap votre-email\"><input type=\"email\" name=\"votre-email\" value=\"\" size=\"40\" class=\"wpcf7-form-control wpcf7-text wpcf7-email wpcf7-validates-as-required wpcf7-validates-as-email\" aria-required=\"true\" aria-invalid=\"false\" placeholder=\"Your email address\" \/><\/span>\n<\/div>\n<p><span class=\"wpcf7-form-control-wrap votre-telephone\"><input type=\"tel\" name=\"votre-telephone\" value=\"\" size=\"40\" class=\"wpcf7-form-control wpcf7-text wpcf7-tel wpcf7-validates-as-required wpcf7-validates-as-tel\" aria-required=\"true\" aria-invalid=\"false\" placeholder=\"Your phone number\" \/><\/span><\/p>\n<p><span class=\"wpcf7-form-control-wrap votre-adresse\"><input type=\"text\" name=\"votre-adresse\" value=\"\" size=\"40\" class=\"wpcf7-form-control wpcf7-text wpcf7-validates-as-required\" aria-required=\"true\" aria-invalid=\"false\" placeholder=\"Your address and country\" \/><\/span><\/p>\n<div class=\"clear\"><\/div>\n<p><span class=\"wpcf7-form-control-wrap votre-message\"><textarea name=\"votre-message\" cols=\"40\" rows=\"10\" class=\"wpcf7-form-control wpcf7-textarea\" aria-invalid=\"false\" placeholder=\"Your message\"><\/textarea><\/span><\/p>\n\n<p><input type=\"submit\" value=\"Send\" class=\"wpcf7-form-control has-spinner wpcf7-submit btn btn-large btn-light\" \/><\/p>\n<div class=\"wpcf7-response-output\" aria-hidden=\"true\"><\/div><\/form><\/div>[\/vc_column][vc_column width=&#8221;1\/2&#8243;]\n\t<div class=\"contact-info-box wpb_content_element\">\n\t\t<h3>Informations<\/h3>\n\t\t<div class=\"contact-info-item\">\n\t\t\t<div class=\"contact-text\"><span>Address<\/span><\/div>\n\t\t\t<div class=\"contact-value\"><strong>La Villa de l'Olivier<\/strong><br \/>\nViolette et Albert Ciocia<br \/>\n18 Avenue Septentrion<br \/>\n34 300 LE CAP D'AGDE<\/div>\n\t\t<\/div>\n\t\t<div class=\"contact-info-item\">\n\t\t\t<div class=\"contact-text\"><span>Phone Number<\/span><\/div>\n\t\t\t<div class=\"contact-value\">+33 (0)4 67 76 42 32<\/div>\n\t\t<\/div>\n\t\t<div class=\"contact-info-item\">\n\t\t\t<div class=\"contact-text\"><span>Phone number<\/span><\/div>\n\t\t\t<div class=\"contact-value\">+33 (0)7 86 51 38 04<\/div>\n\t\t<\/div>\n\t<\/div>[\/vc_column][\/vc_row][vc_row bg_image=&#8221;1346&#8243; row_parallax=&#8221;false&#8221; padding_top=&#8221;75&#8243; padding_bottom=&#8221;50&#8243;][vc_column]\n\t<div class=\"wpc-special-heading-wrap wpb_content_element\" style=\"text-align: center\">\n\t\t<span class=\"special-heading-1\"> <\/span>\n\t\t<span class=\"special-heading-2\" style=\"color: #ffffff;\">Access to the Villa de l'Olivier<\/span>\n\t<\/div>[\/vc_column][\/vc_row][vc_row padding_bottom=&#8221;30&#8243;][vc_column width=&#8221;1\/2&#8243;][vc_gmaps link=&#8221;#E-8_JTNDaWZyYW1lJTIwc3JjJTNEJTIyaHR0cHMlM0ElMkYlMkZ3d3cuZ29vZ2xlLmNvbSUyRm1hcHMlMkZlbWJlZCUzRnBiJTNEJTIxMW0xOCUyMTFtMTIlMjExbTMlMjExZDI5MDMuOTAxNTQ0NjA0Nzg5JTIxMmQzLjUwNzkyNDQxNTQ4NjE2NzclMjEzZDQzLjI5NTM4MzQ3OTEzNTA5JTIxMm0zJTIxMWYwJTIxMmYwJTIxM2YwJTIxM20yJTIxMWkxMDI0JTIxMmk3NjglMjE0ZjEzLjElMjEzbTMlMjExbTIlMjExczB4MTJiMTNiNjdmYmZkYzgwMyUyNTNBMHg2NzhiMGE5NzM3NGFiNTU0JTIxMnMxOCUyQkF2ZW51ZSUyQlNlcHRlbnRyaW9uJTI1MkMlMkIzNDMwMCUyQkFnZGUlMjE1ZTAlMjEzbTIlMjExc2ZyJTIxMnNmciUyMTR2MTUyNDgzNTYxNDczMCUyMiUyMHdpZHRoJTNEJTIyNjAwJTIyJTIwaGVpZ2h0JTNEJTIyNDUwJTIyJTIwZnJhbWVib3JkZXIlM0QlMjIwJTIyJTIwc3R5bGUlM0QlMjJib3JkZXIlM0EwJTIyJTIwYWxsb3dmdWxsc2NyZWVuJTNFJTNDJTJGaWZyYW1lJTNF&#8221; title=&#8221;Google Maps&#8221;][\/vc_column][vc_column width=&#8221;1\/2&#8243;][vc_gmaps link=&#8221;#E-8_JTNDaWZyYW1lJTIwc3JjJTNEJTIyJTIyJTIwc3R5bGUlM0QlMjJ3aWR0aCUzQTAlM0JoZWlnaHQlM0EwJTNCYm9yZGVyJTNBMCUzQiUyMGJvcmRlciUzQW5vbmUlM0IlMjIlM0UlM0MlMkZpZnJhbWUlM0U=&#8221; title=&#8221;Access&#8221;][vc_column_text]<strong>Station :<\/strong> Agde, 5 km<\/p>\n<p><strong>Airports :<\/strong><\/p>\n<ul>\n<li>B\u00e9ziers-Cap d&#8217;Agde, 15 km<\/li>\n<li>Montpellier M\u00e9diterran\u00e9e, 60km<\/li>\n<\/ul>\n<p><strong>H<span id=\"result_box\" class=\"short_text\" lang=\"en\" tabindex=\"-1\">ighway<\/span> : <\/strong>A9, exit n\u00b0 34 en direction d&#8217;Agde<\/p>\n<p><span id=\"result_box\" class=\"\" lang=\"en\" tabindex=\"-1\">On request, we assure you to organize your transportation to Agde station or the airport.<\/span><\/p>\n<p>For further details, please contact us.[\/vc_column_text][\/vc_column][\/vc_row]<\/p>\n","protected":false},"excerpt":{"rendered":"<p>[vc_row][vc_column][vc_column_text] BOOK YOUR HOLIDAYS in bed and breakfast at Villa de l&#8217;Olivier [\/vc_column_text][\/vc_column][\/vc_row][vc_row padding_top=&#8221;20&#8243;][vc_column width=&#8221;1\/2&#8243;][\/vc_column][vc_column width=&#8221;1\/2&#8243;][\/vc_column][\/vc_row][vc_row bg_image=&#8221;1346&#8243; row_parallax=&#8221;false&#8221; padding_top=&#8221;75&#8243; padding_bottom=&#8221;50&#8243;][vc_column][\/vc_column][\/vc_row][vc_row padding_bottom=&#8221;30&#8243;][vc_column width=&#8221;1\/2&#8243;][vc_gmaps link=&#8221;#E-8_JTNDaWZyYW1lJTIwc3JjJTNEJTIyaHR0cHMlM0ElMkYlMkZ3d3cuZ29vZ2xlLmNvbSUyRm1hcHMlMkZlbWJlZCUzRnBiJTNEJTIxMW0xOCUyMTFtMTIlMjExbTMlMjExZDI5MDMuOTAxNTQ0NjA0Nzg5JTIxMmQzLjUwNzkyNDQxNTQ4NjE2NzclMjEzZDQzLjI5NTM4MzQ3OTEzNTA5JTIxMm0zJTIxMWYwJTIxMmYwJTIxM2YwJTIxM20yJTIxMWkxMDI0JTIxMmk3NjglMjE0ZjEzLjElMjEzbTMlMjExbTIlMjExczB4MTJiMTNiNjdmYmZkYzgwMyUyNTNBMHg2NzhiMGE5NzM3NGFiNTU0JTIxMnMxOCUyQkF2ZW51ZSUyQlNlcHRlbnRyaW9uJTI1MkMlMkIzNDMwMCUyQkFnZGUlMjE1ZTAlMjEzbTIlMjExc2ZyJTIxMnNmciUyMTR2MTUyNDgzNTYxNDczMCUyMiUyMHdpZHRoJTNEJTIyNjAwJTIyJTIwaGVpZ2h0JTNEJTIyNDUwJTIyJTIwZnJhbWVib3JkZXIlM0QlMjIwJTIyJTIwc3R5bGUlM0QlMjJib3JkZXIlM0EwJTIyJTIwYWxsb3dmdWxsc2NyZWVuJTNFJTNDJTJGaWZyYW1lJTNF&#8221; title=&#8221;Google Maps&#8221;][\/vc_column][vc_column width=&#8221;1\/2&#8243;][vc_gmaps link=&#8221;#E-8_JTNDaWZyYW1lJTIwc3JjJTNEJTIyJTIyJTIwc3R5bGUlM0QlMjJ3aWR0aCUzQTAlM0JoZWlnaHQlM0EwJTNCYm9yZGVyJTNBMCUzQiUyMGJvcmRlciUzQW5vbmUlM0IlMjIlM0UlM0MlMkZpZnJhbWUlM0U=&#8221; title=&#8221;Access&#8221;][vc_column_text]Station : Agde, 5 km Airports : B\u00e9ziers-Cap d&#8217;Agde, 15 km Montpellier M\u00e9diterran\u00e9e, 60km Highway : A9, exit n\u00b0 34 en direction d&#8217;Agde On request, we assure you [&hellip;]<\/p>\n","protected":false},"author":1,"featured_media":0,"parent":0,"menu_order":0,"comment_status":"closed","ping_status":"closed","template":"","meta":[],"yoast_head":"<!-- This site is optimized with the Yoast SEO plugin v17.7 - https:\/\/yoast.com\/wordpress\/plugins\/seo\/ -->\n<title>Contact form - Bed and Breakfast Cap Agde - La Villa de l&#039;Olivier<\/title>\n<meta name=\"description\" content=\"Book for a beach holiday a bed and breakfast at the Villa de l&#039;Olivier in Cap d&#039;Agde (34). Although the house does not practice naturism, it is 2 km from the naturist area of the seaside resort of Agde.\" \/>\n<meta name=\"robots\" content=\"index, follow, max-snippet:-1, max-image-preview:large, max-video-preview:-1\" \/>\n<link rel=\"canonical\" href=\"https:\/\/www.villa-de-lolivier.com\/en\/contact-and-access\/\" \/>\n<meta property=\"og:locale\" content=\"en_US\" \/>\n<meta property=\"og:type\" content=\"article\" \/>\n<meta property=\"og:title\" content=\"Contact form - Bed and Breakfast Cap Agde - La Villa de l&#039;Olivier\" \/>\n<meta property=\"og:description\" content=\"Book for a beach holiday a bed and breakfast at the Villa de l&#039;Olivier in Cap d&#039;Agde (34). Although the house does not practice naturism, it is 2 km from the naturist area of the seaside resort of Agde.\" \/>\n<meta property=\"og:url\" content=\"https:\/\/www.villa-de-lolivier.com\/en\/contact-and-access\/\" \/>\n<meta property=\"og:site_name\" content=\"La Villa de l&#039;Olivier\" \/>\n<meta property=\"article:modified_time\" content=\"2021-06-04T15:36:23+00:00\" \/>\n<meta name=\"twitter:card\" content=\"summary_large_image\" \/>\n<meta name=\"twitter:label1\" content=\"Est. reading time\" \/>\n\t<meta name=\"twitter:data1\" content=\"1 minute\" \/>\n<script type=\"application\/ld+json\" class=\"yoast-schema-graph\">{\"@context\":\"https:\/\/schema.org\",\"@graph\":[{\"@type\":\"WebSite\",\"@id\":\"https:\/\/www.villa-de-lolivier.com\/#website\",\"url\":\"https:\/\/www.villa-de-lolivier.com\/\",\"name\":\"La Villa de l&#039;Olivier\",\"description\":\"Chambre d&#039;h\\u00f4tes sur le Cap d&#039;Agde\",\"potentialAction\":[{\"@type\":\"SearchAction\",\"target\":{\"@type\":\"EntryPoint\",\"urlTemplate\":\"https:\/\/www.villa-de-lolivier.com\/?s={search_term_string}\"},\"query-input\":\"required name=search_term_string\"}],\"inLanguage\":\"en-US\"},{\"@type\":\"WebPage\",\"@id\":\"https:\/\/www.villa-de-lolivier.com\/en\/contact-and-access\/#webpage\",\"url\":\"https:\/\/www.villa-de-lolivier.com\/en\/contact-and-access\/\",\"name\":\"Contact form - Bed and Breakfast Cap Agde - La Villa de l'Olivier\",\"isPartOf\":{\"@id\":\"https:\/\/www.villa-de-lolivier.com\/#website\"},\"datePublished\":\"2018-04-27T19:32:19+00:00\",\"dateModified\":\"2021-06-04T15:36:23+00:00\",\"description\":\"Book for a beach holiday a bed and breakfast at the Villa de l'Olivier in Cap d'Agde (34). Although the house does not practice naturism, it is 2 km from the naturist area of the seaside resort of Agde.\",\"breadcrumb\":{\"@id\":\"https:\/\/www.villa-de-lolivier.com\/en\/contact-and-access\/#breadcrumb\"},\"inLanguage\":\"en-US\",\"potentialAction\":[{\"@type\":\"ReadAction\",\"target\":[\"https:\/\/www.villa-de-lolivier.com\/en\/contact-and-access\/\"]}]},{\"@type\":\"BreadcrumbList\",\"@id\":\"https:\/\/www.villa-de-lolivier.com\/en\/contact-and-access\/#breadcrumb\",\"itemListElement\":[{\"@type\":\"ListItem\",\"position\":1,\"name\":\"Accueil\",\"item\":\"https:\/\/www.villa-de-lolivier.com\/en\/\"},{\"@type\":\"ListItem\",\"position\":2,\"name\":\"Contact and Access\"}]}]}<\/script>\n<!-- \/ Yoast SEO plugin. -->","yoast_head_json":{"title":"Contact form - Bed and Breakfast Cap Agde - La Villa de l'Olivier","description":"Book for a beach holiday a bed and breakfast at the Villa de l'Olivier in Cap d'Agde (34). Although the house does not practice naturism, it is 2 km from the naturist area of the seaside resort of Agde.","robots":{"index":"index","follow":"follow","max-snippet":"max-snippet:-1","max-image-preview":"max-image-preview:large","max-video-preview":"max-video-preview:-1"},"canonical":"https:\/\/www.villa-de-lolivier.com\/en\/contact-and-access\/","og_locale":"en_US","og_type":"article","og_title":"Contact form - Bed and Breakfast Cap Agde - La Villa de l'Olivier","og_description":"Book for a beach holiday a bed and breakfast at the Villa de l'Olivier in Cap d'Agde (34). Although the house does not practice naturism, it is 2 km from the naturist area of the seaside resort of Agde.","og_url":"https:\/\/www.villa-de-lolivier.com\/en\/contact-and-access\/","og_site_name":"La Villa de l&#039;Olivier","article_modified_time":"2021-06-04T15:36:23+00:00","twitter_card":"summary_large_image","twitter_misc":{"Est. reading time":"1 minute"},"schema":{"@context":"https:\/\/schema.org","@graph":[{"@type":"WebSite","@id":"https:\/\/www.villa-de-lolivier.com\/#website","url":"https:\/\/www.villa-de-lolivier.com\/","name":"La Villa de l&#039;Olivier","description":"Chambre d&#039;h\u00f4tes sur le Cap d&#039;Agde","potentialAction":[{"@type":"SearchAction","target":{"@type":"EntryPoint","urlTemplate":"https:\/\/www.villa-de-lolivier.com\/?s={search_term_string}"},"query-input":"required name=search_term_string"}],"inLanguage":"en-US"},{"@type":"WebPage","@id":"https:\/\/www.villa-de-lolivier.com\/en\/contact-and-access\/#webpage","url":"https:\/\/www.villa-de-lolivier.com\/en\/contact-and-access\/","name":"Contact form - Bed and Breakfast Cap Agde - La Villa de l'Olivier","isPartOf":{"@id":"https:\/\/www.villa-de-lolivier.com\/#website"},"datePublished":"2018-04-27T19:32:19+00:00","dateModified":"2021-06-04T15:36:23+00:00","description":"Book for a beach holiday a bed and breakfast at the Villa de l'Olivier in Cap d'Agde (34). Although the house does not practice naturism, it is 2 km from the naturist area of the seaside resort of Agde.","breadcrumb":{"@id":"https:\/\/www.villa-de-lolivier.com\/en\/contact-and-access\/#breadcrumb"},"inLanguage":"en-US","potentialAction":[{"@type":"ReadAction","target":["https:\/\/www.villa-de-lolivier.com\/en\/contact-and-access\/"]}]},{"@type":"BreadcrumbList","@id":"https:\/\/www.villa-de-lolivier.com\/en\/contact-and-access\/#breadcrumb","itemListElement":[{"@type":"ListItem","position":1,"name":"Accueil","item":"https:\/\/www.villa-de-lolivier.com\/en\/"},{"@type":"ListItem","position":2,"name":"Contact and Access"}]}]}},"_links":{"self":[{"href":"https:\/\/www.villa-de-lolivier.com\/en\/wp-json\/wp\/v2\/pages\/1405"}],"collection":[{"href":"https:\/\/www.villa-de-lolivier.com\/en\/wp-json\/wp\/v2\/pages"}],"about":[{"href":"https:\/\/www.villa-de-lolivier.com\/en\/wp-json\/wp\/v2\/types\/page"}],"author":[{"embeddable":true,"href":"https:\/\/www.villa-de-lolivier.com\/en\/wp-json\/wp\/v2\/users\/1"}],"replies":[{"embeddable":true,"href":"https:\/\/www.villa-de-lolivier.com\/en\/wp-json\/wp\/v2\/comments?post=1405"}],"version-history":[{"count":13,"href":"https:\/\/www.villa-de-lolivier.com\/en\/wp-json\/wp\/v2\/pages\/1405\/revisions"}],"predecessor-version":[{"id":1634,"href":"https:\/\/www.villa-de-lolivier.com\/en\/wp-json\/wp\/v2\/pages\/1405\/revisions\/1634"}],"wp:attachment":[{"href":"https:\/\/www.villa-de-lolivier.com\/en\/wp-json\/wp\/v2\/media?parent=1405"}],"curies":[{"name":"wp","href":"https:\/\/api.w.org\/{rel}","templated":true}]}}